{"id":1469,"date":"2024-02-01T09:17:24","date_gmt":"2024-02-01T08:17:24","guid":{"rendered":"https:\/\/sentinelleduvallespir.terremercatalanes.com\/zugang\/"},"modified":"2024-04-25T08:39:26","modified_gmt":"2024-04-25T06:39:26","slug":"zugang","status":"publish","type":"page","link":"https:\/\/sentinelleduvallespir.terremercatalanes.com\/de\/zugang\/","title":{"rendered":"Zugang"},"content":{"rendered":"\t\t<div data-elementor-type=\"wp-page\" data-elementor-id=\"1469\" class=\"elementor elementor-1469 elementor-186\" data-elementor-post-type=\"page\">\n\t\t\t\t<div class=\"elementor-element elementor-element-d80bed2 e-flex e-con-boxed e-con e-parent\" data-id=\"d80bed2\" data-element_type=\"container\">\n\t\t\t\t\t<div class=\"e-con-inner\">\n\t\t\t\t<div class=\"elementor-element elementor-element-dfc36e8 elementor-invisible elementor-widget elementor-widget-heading\" data-id=\"dfc36e8\" data-element_type=\"widget\" data-settings=\"{&quot;_animation&quot;:&quot;fadeInUp&quot;}\" data-widget_type=\"heading.default\">\n\t\t\t\t<div class=\"elementor-widget-container\">\n\t\t\t<style>\/*! elementor - v3.23.0 - 05-08-2024 *\/\n.elementor-heading-title{padding:0;margin:0;line-height:1}.elementor-widget-heading .elementor-heading-title[class*=elementor-size-]>a{color:inherit;font-size:inherit;line-height:inherit}.elementor-widget-heading .elementor-heading-title.elementor-size-small{font-size:15px}.elementor-widget-heading .elementor-heading-title.elementor-size-medium{font-size:19px}.elementor-widget-heading .elementor-heading-title.elementor-size-large{font-size:29px}.elementor-widget-heading .elementor-heading-title.elementor-size-xl{font-size:39px}.elementor-widget-heading .elementor-heading-title.elementor-size-xxl{font-size:59px}<\/style><h2 class=\"elementor-heading-title elementor-size-default\">Zugang und Umgebung<\/h2>\t\t<\/div>\n\t\t\t\t<\/div>\n\t\t\t\t<div class=\"elementor-element elementor-element-b703953 elementor-widget__width-inherit elementor-widget elementor-widget-google_maps\" data-id=\"b703953\" data-element_type=\"widget\" data-widget_type=\"google_maps.default\">\n\t\t\t\t<div class=\"elementor-widget-container\">\n\t\t\t<style>\/*! elementor - v3.23.0 - 05-08-2024 *\/\n.elementor-widget-google_maps .elementor-widget-container{overflow:hidden}.elementor-widget-google_maps .elementor-custom-embed{line-height:0}.elementor-widget-google_maps iframe{height:300px}<\/style>\t\t<div class=\"elementor-custom-embed\">\n\t\t\t<iframe loading=\"lazy\"\n\t\t\t\t\tsrc=\"https:\/\/maps.google.com\/maps?q=42.52667992345155%2C%202.763378980171403&#038;t=m&#038;z=15&#038;output=embed&#038;iwloc=near\"\n\t\t\t\t\ttitle=\"42.52667992345155, 2.763378980171403\"\n\t\t\t\t\taria-label=\"42.52667992345155, 2.763378980171403\"\n\t\t\t><\/iframe>\n\t\t<\/div>\n\t\t\t\t<\/div>\n\t\t\t\t<\/div>\n\t\t\t\t\t<\/div>\n\t\t\t\t<\/div>\n\t\t<div class=\"elementor-element elementor-element-0cd3b3e e-flex e-con-boxed e-con e-parent\" data-id=\"0cd3b3e\" data-element_type=\"container\">\n\t\t\t\t\t<div class=\"e-con-inner\">\n\t\t\t\t<div class=\"elementor-element elementor-element-cb4c7a6 elementor-invisible elementor-widget elementor-widget-text-editor\" data-id=\"cb4c7a6\" data-element_type=\"widget\" data-settings=\"{&quot;_animation&quot;:&quot;fadeInUp&quot;}\" data-widget_type=\"text-editor.default\">\n\t\t\t\t<div class=\"elementor-widget-container\">\n\t\t\t<style>\/*! elementor - v3.23.0 - 05-08-2024 *\/\n.elementor-widget-text-editor.elementor-drop-cap-view-stacked .elementor-drop-cap{background-color:#69727d;color:#fff}.elementor-widget-text-editor.elementor-drop-cap-view-framed .elementor-drop-cap{color:#69727d;border:3px solid;background-color:transparent}.elementor-widget-text-editor:not(.elementor-drop-cap-view-default) .elementor-drop-cap{margin-top:8px}.elementor-widget-text-editor:not(.elementor-drop-cap-view-default) .elementor-drop-cap-letter{width:1em;height:1em}.elementor-widget-text-editor .elementor-drop-cap{float:left;text-align:center;line-height:1;font-size:50px}.elementor-widget-text-editor .elementor-drop-cap-letter{display:inline-block}<\/style>\t\t\t\t<h3>Im Presidio des Vallespir: Zwischen Land und Meer<\/h3>\n<p>Unser G\u00e4stezimmer liegt ideal an einem authentischen Ort, zwischen den majest\u00e4tischen Bergen der Alb\u00e8res und den Pyren\u00e4en, inmitten eines Weinanbaugebietes. Sie profitiert von der N\u00e4he zu Spanien und dem glitzernden Wasser der C\u00f4te Vermeille.<\/p>\n<p>Ein Land der Kontraste, das f\u00fcr jeden Geschmack etwas zu bieten hat!<\/p>\n<h4>Strategischer Standort :<\/h4>\n<ul>\n<li><strong>C\u00e9ret (15 Min. mit dem Auto), die &#8222;Hauptstadt&#8220; des Vallespir und der Kirsche:<\/strong> Besuchen Sie diese malerische katalanische Stadt mit ihren zahlreichen Veranstaltungen. Entdecken Sie die charmanten Pl\u00e4tze und Brunnen, den ber\u00fchmten Markt und das bekannte und dynamische Museum f\u00fcr Moderne Kunst, das Werke von Picasso, Chagall, Maillol und vielen anderen beherbergt, ganz zu schweigen von den wechselnden Ausstellungen.<\/li>\n<li><strong>Spanien und der Perthus-Pass (15 Min.):<\/strong> \u00dcberqueren Sie die Grenze in nur 15 Minuten und entdecken Sie ein malerisches und entspannendes Spanien. Der Perthus-Pass bietet au\u00dferdem einen spektakul\u00e4ren Panoramablick.<\/li>\n<li><strong>Argel\u00e8s, der Strand von Racou und seine Sandh\u00e4uschen:<\/strong> In 25 bis 30 Minuten erreichen Sie die gro\u00dfen Sandstr\u00e4nde des ber\u00fchmten Badeortes.<\/li>\n<li><strong>Collioure und C\u00f4te Vermeille (30 Min.):<\/strong> Die herrlichen Lichter von Collioure haben die Maler des Fauvismus inspiriert. Entdecken Sie die C\u00f4te Vermeille, ihre Wanderwege durch die Weinberge und entlang der K\u00fcste und tauchen Sie in ihre zahlreichen Buchten ein.<\/li>\n<li><strong>Perpignan, Stadt der Geschichte (30 Min.):<\/strong> Das Castillet, der Palast der K\u00f6nige von Mallorca und das historische Zentrum versetzen Sie in eine andere Zeit.<\/li>\n<li><strong>Dali-Museum in Figueras, Spanien (30 Min.):<\/strong> Lernen Sie die surrealistische Welt dieses fantastischen K\u00fcnstlers kennen. Stellen Sie sicher, dass Sie im Voraus buchen, um die beste Erfahrung zu machen.<\/li>\n<li><strong>Elne, historische Stadt (30 Min.):<\/strong> Die Kathedrale, der Kreuzgang, die Schweizer Entbindungsstation und das Terrus-Museum werden Sie auf eine fesselnde Zeitreise mitnehmen.<\/li>\n<li><strong>Castelnou,<\/strong> das <strong>sch\u00f6nste Dorf Frankreichs (35mn):<\/strong> Besuchen Sie das charmante Dorf Castelnou, das als eines der sch\u00f6nsten D\u00f6rfer Frankreichs bekannt ist.<\/li>\n<li><strong>Thermalkuren:<\/strong> Am\u00e9lie les bains (Chaine thermale du soleil) 25 min, Les Thermes du Boulou, 15 min.<\/li>\n<li><strong>Einfach zu erreichen:<\/strong> Unser Standort liegt nur 10 Minuten von der Autobahnausfahrt der A9 entfernt, so dass Sie einfach reisen k\u00f6nnen.<\/li>\n<\/ul>\n<p>Buchen Sie jetzt und tauchen Sie vom Presidio Vallespir aus in die kulturelle und nat\u00fcrliche Vielfalt der Region ein.<\/p>\n\t\t\t\t\t\t<\/div>\n\t\t\t\t<\/div>\n\t\t\t\t\t<\/div>\n\t\t\t\t<\/div>\n\t\t<div class=\"elementor-element elementor-element-86fd31d e-flex e-con-boxed elementor-invisible e-con e-parent\" data-id=\"86fd31d\" data-element_type=\"container\" data-settings=\"{&quot;background_background&quot;:&quot;slideshow&quot;,&quot;background_slideshow_gallery&quot;:[{&quot;id&quot;:152,&quot;url&quot;:&quot;http:\\\/\\\/sentinelleduvallespir.terremercatalanes.com\\\/wp-content\\\/uploads\\\/sites\\\/4\\\/2024\\\/01\\\/IMG_20240101_112604-1-scaled.jpg&quot;}],&quot;animation&quot;:&quot;zoomInDown&quot;,&quot;background_slideshow_loop&quot;:&quot;yes&quot;,&quot;background_slideshow_slide_duration&quot;:5000,&quot;background_slideshow_slide_transition&quot;:&quot;fade&quot;,&quot;background_slideshow_transition_duration&quot;:500}\">\n\t\t\t\t\t<div class=\"e-con-inner\">\n\t\t\t\t<div class=\"elementor-element elementor-element-cf12fe5 elementor-widget elementor-widget-heading\" data-id=\"cf12fe5\" data-element_type=\"widget\" data-widget_type=\"heading.default\">\n\t\t\t\t<div class=\"elementor-widget-container\">\n\t\t\t<h2 class=\"elementor-heading-title elementor-size-default\">Erliegen Sie der perfekten Harmonie zwischen Komfort und Natur in La Sentinelle du Vallespir (nur Erwachsene und Jugendliche - keine Haustiere erlaubt).<\/h2>\t\t<\/div>\n\t\t\t\t<\/div>\n\t\t\t\t<div class=\"elementor-element elementor-element-d57aed3 elementor-widget elementor-widget-heading\" data-id=\"d57aed3\" data-element_type=\"widget\" data-widget_type=\"heading.default\">\n\t\t\t\t<div class=\"elementor-widget-container\">\n\t\t\t<h2 class=\"elementor-heading-title elementor-size-default\">Buchen Sie jetzt Ihren Aufenthalt im Presidio Vallespir<\/h2>\t\t<\/div>\n\t\t\t\t<\/div>\n\t\t\t\t<div class=\"elementor-element elementor-element-a449a37 elementor-align-center elementor-widget elementor-widget-button\" data-id=\"a449a37\" data-element_type=\"widget\" data-widget_type=\"button.default\">\n\t\t\t\t<div class=\"elementor-widget-container\">\n\t\t\t\t\t<div class=\"elementor-button-wrapper\">\n\t\t\t<a class=\"elementor-button elementor-button-link elementor-size-sm\" href=\"https:\/\/sentinelleduvallespir.terremercatalanes.com\/les-chambres\/\">\n\t\t\t\t\t\t<span class=\"elementor-button-content-wrapper\">\n\t\t\t\t\t\t\t\t\t<span class=\"elementor-button-text\">Klicken Sie hier<\/span>\n\t\t\t\t\t<\/span>\n\t\t\t\t\t<\/a>\n\t\t<\/div>\n\t\t\t\t<\/div>\n\t\t\t\t<\/div>\n\t\t\t\t\t<\/div>\n\t\t\t\t<\/div>\n\t\t\t\t<\/div>\n\t\t","protected":false},"excerpt":{"rendered":"<p>Zugang und Umgebung Im Presidio des Vallespir: Zwischen Land und Meer Unser G\u00e4stezimmer liegt ideal an einem authentischen Ort, zwischen den majest\u00e4tischen Bergen der Alb\u00e8res und den Pyren\u00e4en, inmitten eines Weinanbaugebietes. Sie profitiert von der N\u00e4he zu Spanien und dem glitzernden Wasser der C\u00f4te Vermeille. Ein Land der Kontraste, das f\u00fcr jeden Geschmack etwas zu [&hellip;]<\/p>\n","protected":false},"author":1,"featured_media":0,"parent":0,"menu_order":0,"comment_status":"closed","ping_status":"closed","template":"elementor_header_footer","meta":{"footnotes":""},"class_list":["post-1469","page","type-page","status-publish","hentry"],"aioseo_notices":[],"_links":{"self":[{"href":"https:\/\/sentinelleduvallespir.terremercatalanes.com\/de\/wp-json\/wp\/v2\/pages\/1469","targetHints":{"allow":["GET"]}}],"collection":[{"href":"https:\/\/sentinelleduvallespir.terremercatalanes.com\/de\/wp-json\/wp\/v2\/pages"}],"about":[{"href":"https:\/\/sentinelleduvallespir.terremercatalanes.com\/de\/wp-json\/wp\/v2\/types\/page"}],"author":[{"embeddable":true,"href":"https:\/\/sentinelleduvallespir.terremercatalanes.com\/de\/wp-json\/wp\/v2\/users\/1"}],"replies":[{"embeddable":true,"href":"https:\/\/sentinelleduvallespir.terremercatalanes.com\/de\/wp-json\/wp\/v2\/comments?post=1469"}],"version-history":[{"count":2,"href":"https:\/\/sentinelleduvallespir.terremercatalanes.com\/de\/wp-json\/wp\/v2\/pages\/1469\/revisions"}],"predecessor-version":[{"id":1494,"href":"https:\/\/sentinelleduvallespir.terremercatalanes.com\/de\/wp-json\/wp\/v2\/pages\/1469\/revisions\/1494"}],"wp:attachment":[{"href":"https:\/\/sentinelleduvallespir.terremercatalanes.com\/de\/wp-json\/wp\/v2\/media?parent=1469"}],"curies":[{"name":"wp","href":"https:\/\/api.w.org\/{rel}","templated":true}]}}