{"id":1566,"date":"2024-02-13T10:54:43","date_gmt":"2024-02-13T09:54:43","guid":{"rendered":"https:\/\/sentinelleduvallespir.terremercatalanes.com\/interne-vorschriften\/"},"modified":"2024-04-25T08:39:26","modified_gmt":"2024-04-25T06:39:26","slug":"interne-vorschriften","status":"publish","type":"page","link":"https:\/\/sentinelleduvallespir.terremercatalanes.com\/de\/interne-vorschriften\/","title":{"rendered":"Interne Vorschriften"},"content":{"rendered":"\t\t<div data-elementor-type=\"wp-page\" data-elementor-id=\"1566\" class=\"elementor elementor-1566 elementor-423\" data-elementor-post-type=\"page\">\n\t\t\t\t<div class=\"elementor-element elementor-element-b510e6c e-flex e-con-boxed e-con e-parent\" data-id=\"b510e6c\" data-element_type=\"container\">\n\t\t\t\t\t<div class=\"e-con-inner\">\n\t\t\t\t<div class=\"elementor-element elementor-element-f17ecf2 elementor-widget elementor-widget-heading\" data-id=\"f17ecf2\" data-element_type=\"widget\" data-widget_type=\"heading.default\">\n\t\t\t\t<div class=\"elementor-widget-container\">\n\t\t\t<style>\/*! elementor - v3.23.0 - 05-08-2024 *\/\n.elementor-heading-title{padding:0;margin:0;line-height:1}.elementor-widget-heading .elementor-heading-title[class*=elementor-size-]>a{color:inherit;font-size:inherit;line-height:inherit}.elementor-widget-heading .elementor-heading-title.elementor-size-small{font-size:15px}.elementor-widget-heading .elementor-heading-title.elementor-size-medium{font-size:19px}.elementor-widget-heading .elementor-heading-title.elementor-size-large{font-size:29px}.elementor-widget-heading .elementor-heading-title.elementor-size-xl{font-size:39px}.elementor-widget-heading .elementor-heading-title.elementor-size-xxl{font-size:59px}<\/style><h2 class=\"elementor-heading-title elementor-size-default\">Interne Vorschriften<\/h2>\t\t<\/div>\n\t\t\t\t<\/div>\n\t\t\t\t<div class=\"elementor-element elementor-element-aab1c3c elementor-widget elementor-widget-text-editor\" data-id=\"aab1c3c\" data-element_type=\"widget\" data-widget_type=\"text-editor.default\">\n\t\t\t\t<div class=\"elementor-widget-container\">\n\t\t\t<style>\/*! elementor - v3.23.0 - 05-08-2024 *\/\n.elementor-widget-text-editor.elementor-drop-cap-view-stacked .elementor-drop-cap{background-color:#69727d;color:#fff}.elementor-widget-text-editor.elementor-drop-cap-view-framed .elementor-drop-cap{color:#69727d;border:3px solid;background-color:transparent}.elementor-widget-text-editor:not(.elementor-drop-cap-view-default) .elementor-drop-cap{margin-top:8px}.elementor-widget-text-editor:not(.elementor-drop-cap-view-default) .elementor-drop-cap-letter{width:1em;height:1em}.elementor-widget-text-editor .elementor-drop-cap{float:left;text-align:center;line-height:1;font-size:50px}.elementor-widget-text-editor .elementor-drop-cap-letter{display:inline-block}<\/style>\t\t\t\t<p>Sehr geehrte Gastgeber,<\/p>\n<p>Wir freuen uns, Sie in &#8222;La sentinelle du Vallespir&#8220;, Chambre et Tables d&#8217;h\u00f4tes, Spa, Sauna, begr\u00fc\u00dfen zu d\u00fcrfen.<\/p>\n<p>Wir stehen Ihnen gerne zur Verf\u00fcgung, um uns \u00fcber die wunderbare Region, in der wir leben, auszutauschen.<\/p>\n<p>Z\u00f6gern Sie nicht, uns zu fragen, wir werden versuchen, Sie so gut wie m\u00f6glich \u00fcber Besichtigungen, Entdeckungen, kulturelle oder sportliche Aktivit\u00e4ten, die Sie in unserem Gebiet erleben k\u00f6nnen, zu beraten.<\/p>\n<p>Eine Verordnung mag umst\u00e4ndlich erscheinen, aber sie ist notwendig, damit jeder seinen Aufenthalt in vollen Z\u00fcgen genie\u00dfen kann.<\/p>\n<ul>\n<li><strong>Schutz gegen Feuer<\/strong>:<\/li>\n<\/ul>\n<p>Zun\u00e4chst m\u00f6chten wir Sie daran erinnern, dass unser Haus in einer Region liegt, in der die Brandgefahr sehr hoch ist.<\/p>\n<p>Wir bitten Sie daher um Ihre Wachsamkeit, denn Pr\u00e4vention geht uns alle an.<\/p>\n<p>Das Anwesen ist generell &#8222;Nichtraucher&#8220;, mit Ausnahme der Raucherzonen, die eindeutig als solche gekennzeichnet sind.<\/p>\n<p>Es ist verboten, Zigarettenstummel oder Streichh\u00f6lzer in andere als die daf\u00fcr vorgesehenen Wasseraschenbecher zu werfen.<\/p>\n<ul>\n<li>Der Sentinel von Vallespir ist kein \u00f6ffentlicher Ort und Sie k\u00f6nnen daher keine Dritten einladen oder Partys veranstalten.<\/li>\n<\/ul>\n<ul>\n<li>Wir nehmen nur Jugendliche \u00fcber 12 Jahre auf, um Ruhe und Frieden f\u00fcr alle G\u00e4ste zu gew\u00e4hrleisten und betonen, dass das Anwesen nicht f\u00fcr Kinder geeignet ist.<\/li>\n<\/ul>\n<ul>\n<li>Haustiere sind nicht erlaubt.<\/li>\n<\/ul>\n<ul>\n<li><strong>Begr\u00fc\u00dfung und Abreise :<\/strong><\/li>\n<\/ul>\n<p><strong> <\/strong><\/p>\n<p>Um Sie unter den besten Bedingungen empfangen zu k\u00f6nnen, bieten wir Ihnen einen Empfang zwischen 16.00 und 20.00 Uhr an.<\/p>\n<p>Sp\u00e4tere Ank\u00fcnfte m\u00fcssen vorab per E-Mail oder Telefon vereinbart werden.<\/p>\n<p>Am letzten Tag Ihres Aufenthalts m\u00fcssen Sie sp\u00e4testens um 11.00 Uhr abreisen.<\/p>\n<ul>\n<li><strong>Fr\u00fchst\u00fcck :<\/strong><\/li>\n<\/ul>\n<p>Das Fr\u00fchst\u00fcck wird unter der bioklimatischen Pergola im Gartengeschoss zwischen 8.00 und 10.00 Uhr angeboten und serviert. Auf Anfrage k\u00f6nnen sie etwas fr\u00fcher serviert werden, wenn Sie einen Ausflug machen.<\/p>\n<p>Wir legen besonderen Wert darauf, Ihnen ein ausgewogenes und komplettes Fr\u00fchst\u00fcck aus lokalen, saisonalen und biologischen Produkten so fr\u00fch wie m\u00f6glich zuzubereiten. Neben einer gemeinsamen &#8222;Basis&#8220;: hei\u00dfe und kalte Getr\u00e4nke, Geb\u00e4ck, Brot, Butter, Honig und Marmelade, werden Sie jeden Abend gebeten, aus unserer Liste s\u00fc\u00dfe und herzhafte Speisen auszuw\u00e4hlen, um eine optimale Frische zu gew\u00e4hrleisten und um die Verschwendung von Lebensmitteln zu reduzieren.<\/p>\n<ul>\n<li><strong>G\u00e4stetisch (Betriebsgenehmigung vom 05. Februar 2024):<\/strong><\/li>\n<\/ul>\n<p><strong> <\/strong><\/p>\n<p>Ein Abendessen mit Vorspeise, Hauptgericht und Dessert, begleitet von einem Glas Wein aus der Region (f\u00fcr vollj\u00e4hrige Personen), kann Ihnen nach einer Reservierung von 24 Stunden vor dem Essen angeboten werden. Die Kosten f\u00fcr Abendessen und Getr\u00e4nke sind vor Ort zu zahlen.<\/p>\n<p>\u00d6ffnungszeiten: Das Essen wird zwischen 19.00 und 20.30 Uhr serviert.<\/p>\n<p>Die K\u00fcche steht den G\u00e4sten nicht zur Verf\u00fcgung.<\/p>\n<ul>\n<li><strong>Die Gemeinsamkeiten :<\/strong><\/li>\n<\/ul>\n<p><strong> <\/strong><\/p>\n<p>Das Presidio Vallespir ist so konzipiert, dass Sie das wunderbare Licht, die Ruhe und die Natur in vollen Z\u00fcgen genie\u00dfen k\u00f6nnen.<\/p>\n<p>Sie haben zu jeder Tageszeit Zugang zum gro\u00dfen Wohnzimmer mit Blick auf die Pyren\u00e4en und den Canigou, um zu lesen oder sich auszuruhen (oder sogar zu arbeiten!), vorausgesetzt, dass Sie die Ruhe respektieren und keine L\u00e4rmbel\u00e4stigung verursachen, insbesondere zwischen 22:00 und 08:00 Uhr.<\/p>\n<p>Die B\u00fccher in den verschiedenen Bibliotheken (Zimmer, Korridor, Wohnzimmer) stehen Ihnen zur Verf\u00fcgung. Auf Anfrage k\u00f6nnen Sie auch verschiedene Gesellschaftsspiele ausleihen.<\/p>\n<p>Auch die zahlreichen Au\u00dfenbereiche laden zum Ausruhen und Entspannen ein:<\/p>\n<p>Die Westterrasse im Erdgeschoss ist mit Sofas ausgestattet (zug\u00e4nglich von 7.00 bis 23.00 Uhr), vorbehaltlich der Einhaltung der L\u00e4rmschutzbestimmungen.<\/p>\n<p>Es gibt auch einen klar gekennzeichneten Raucherbereich, der 24 Stunden am Tag zug\u00e4nglich ist.<\/p>\n<p>Die Poolterrasse auf der S\u00fcdseite mit Liegest\u00fchlen und Blick auf die Pyren\u00e4en und das Alb\u00e8res-Gebirge (zug\u00e4nglich von 9:00 bis 23:00 Uhr unter Einhaltung der Grundregeln der Diskretion).<\/p>\n<p>Das Haus und der Garten sind \u00fcber Glasfaser mit Wifi verbunden.<\/p>\n<p>Wir m\u00f6chten Sie daran erinnern, dass illegales Herunterladen verboten ist und der Zugang zu strafrechtlich relevanten Websites strafrechtlich verfolgt wird.<\/p>\n<p>Wir bitten unsere G\u00e4ste, sich bei jeder Gelegenheit ordentlich zu kleiden und in den Gemeinschaftsbereichen Schuhe zu tragen.<\/p>\n<p><strong>Die Ausstattung :<\/strong><\/p>\n<p><strong> <\/strong><\/p>\n<p><strong>Hygienebedingungen vor der Nutzung des Spas, der Sauna :  <\/strong><\/p>\n<p><strong> <\/strong><\/p>\n<p>Tragen eines Badeanzugs, vorheriges Duschen, kein Auftragen von Sonnencreme vor der Benutzung.<\/p>\n<p>Der Zugang zum Wellnessbereich ist kostenlos von 8:00 bis 22:00 Uhr in 30-min\u00fctigen Abschnitten m\u00f6glich und kann bei Marie privatisiert werden.<\/p>\n<p>Der Zugang zur Sauna ist von 10.00 bis 22.00 Uhr unter den gleichen Bedingungen m\u00f6glich.<\/p>\n<p>Die Sauna ist eine Infra Rouge-Sauna, die wie alle Saunen das Fehlen von medizinischen Kontraindikationen voraussetzt.<\/p>\n<p>Es liegt in Ihrer Verantwortung, sicherzustellen, dass Sie keine Kontraindikationen haben, und wir k\u00f6nnen nicht f\u00fcr Unf\u00e4lle verantwortlich gemacht werden.<\/p>\n<p>Wenn wir Sie einladen, den Pool zu nutzen: Es ist nicht erlaubt, in den Pool zu tauchen, zu essen oder zu trinken.<\/p>\n<p>Damit Sie sich entspannen k\u00f6nnen, vermeiden Sie bitte Schreie und Tumulte in oder in der N\u00e4he des Pools.<\/p>\n<p><strong>Die Zimmer  <\/strong><\/p>\n<p>Die Nichtraucherzimmer sind mit einem Wasserkocher, einer Nespresso-Kaffeemaschine und einem HD-Fernseher ausgestattet.<\/p>\n<p>Wir z\u00e4hlen auf Sie, dass Sie die Lautst\u00e4rke der Bildschirme nach 22.00 Uhr begrenzen.<\/p>\n<p>Wir k\u00fcmmern uns um die Reinigung und den Wechsel der Bettw\u00e4sche und Handt\u00fccher bei jedem Zimmerbezug.<\/p>\n<p>Bei Aufenthalten bieten wir mindestens eine Zwischenreinigung nach 3 N\u00e4chten an, um Ihnen ein Maximum an Privatsph\u00e4re zu garantieren.<\/p>\n<p>Die G\u00e4ste verpflichten sich, die Zimmer am Ende des Aufenthalts in einwandfreiem Zustand zu verlassen, alle Sch\u00e4den, f\u00fcr die sie verantwortlich sind, zu melden und finanziell zu \u00fcbernehmen und alle technischen St\u00f6rungen zu melden.<\/p>\n<p>Wir haben unsere eigene Mikrokl\u00e4ranlage, daher ist es wichtig, dass Sie au\u00dfer Toilettenpapier nichts in die Toilette werfen.<\/p>\n<p>Bei Ihrer Ankunft erhalten Sie einen Schl\u00fcsselbund (Zimmer\/Balkon\/Torfernbedienung); bei Verlust werden 60 Euro ohne MwSt. berechnet.<\/p>\n<p>Aus Gr\u00fcnden der Privatsph\u00e4re wird darum gebeten, nicht entlang der Balkone der Zimmer zu gehen.<\/p>\n<\/p>\n<p><strong>Parken :<\/strong><\/p>\n<p>Jedes Zimmer verf\u00fcgt \u00fcber einen kostenlosen Parkplatz auf dem Gel\u00e4nde.<\/p>\n<p><strong>Fern\u00fcberwachung, Sicherheit :<\/strong><\/p>\n<p>Das Anwesen verf\u00fcgt \u00fcber Kameras zur Fern\u00fcberwachung der Gemeinschaftsr\u00e4ume im Innen- und Au\u00dfenbereich.<\/p>\n<p>Jedes Zimmer verf\u00fcgt \u00fcber einen Safe.<\/p>\n<p>Da das Anwesen jedoch nicht bewacht wird, empfehlen wir Ihnen, w\u00e4hrend Ihrer Abwesenheit keine Wertsachen in Ihrem Fahrzeug oder Zimmer zu lassen; wir \u00fcbernehmen keine Haftung f\u00fcr Diebstahl oder Unf\u00e4lle auf dem Anwesen.<\/p>\n<p><strong>Elektrische Ladung des Fahrzeugs<\/strong><\/p>\n<p>Ein Ladeanschluss f\u00fcr Elektrofahrzeuge ist verf\u00fcgbar (nicht im \u00dcbernachtungspreis enthalten, wird vor Ort auf Basis einer Stundenpauschale berechnet).<\/p>\n<p><strong>Die Zukunft, der Planet :<\/strong><\/p>\n<p><strong> <\/strong>Wir sind sensibel f\u00fcr die Natur und die Zukunft unseres Planeten und m\u00f6chten zum Umweltschutz beitragen, indem wir die Auswirkungen des Betriebs unserer Gastgeberstruktur minimieren.<\/p>\n<p>Unsere Haushaltsprodukte und Lebensmittel sind meist biologisch und\/oder aus einem kurzen Kreislauf, nicht verarbeitet.<\/p>\n<p>Einfache Gesten k\u00f6nnen viel bewirken, wir z\u00e4hlen auf Ihre Mithilfe, um<\/p>\n<ul>\n<li>Vermeiden Sie es, Licht und elektrische Ger\u00e4te unn\u00f6tig eingeschaltet zu lassen,<\/li>\n<li>Lassen Sie das Wasser nicht laufen und duschen Sie mit m\u00e4\u00dfigem Durchfluss.<\/li>\n<li>Da die Abwasserentsorgung \u00fcber ein Pflanzenkl\u00e4ranlagensystem erfolgt, bitten wir Sie, in den Toiletten <strong>nur <\/strong>Toilettenpapier zu entsorgen, da andere Abf\u00e4lle in den daf\u00fcr vorgesehenen M\u00fclleimern entsorgt werden.<\/li>\n<li>Vermeiden Sie es, alle Handt\u00fccher zu benutzen, die Ihnen zur Verf\u00fcgung stehen, wenn Sie sie nicht wirklich ben\u00f6tigen.<\/li>\n<li>die Klimaanlage in den Zimmern nachts in angemessenem Umfang zu benutzen und sie tags\u00fcber in Ihrer Abwesenheit auszuschalten<\/li>\n<\/ul>\n<p>Wir w\u00fcnschen Ihnen einen sch\u00f6nen und angenehmen Aufenthalt inmitten der Natur in der Sentinel von Vallespir und stehen Ihnen f\u00fcr alle Fragen zur Verf\u00fcgung.<\/p>\n<p>Marie &amp; Marc<\/p>\n\t\t\t\t\t\t<\/div>\n\t\t\t\t<\/div>\n\t\t\t\t\t<\/div>\n\t\t\t\t<\/div>\n\t\t\t\t<\/div>\n\t\t","protected":false},"excerpt":{"rendered":"<p>Interne Vorschriften Sehr geehrte Gastgeber, Wir freuen uns, Sie in &#8222;La sentinelle du Vallespir&#8220;, Chambre et Tables d&#8217;h\u00f4tes, Spa, Sauna, begr\u00fc\u00dfen zu d\u00fcrfen. Wir stehen Ihnen gerne zur Verf\u00fcgung, um uns \u00fcber die wunderbare Region, in der wir leben, auszutauschen. Z\u00f6gern Sie nicht, uns zu fragen, wir werden versuchen, Sie so gut wie m\u00f6glich \u00fcber [&hellip;]<\/p>\n","protected":false},"author":1,"featured_media":0,"parent":0,"menu_order":0,"comment_status":"closed","ping_status":"closed","template":"elementor_header_footer","meta":{"footnotes":""},"class_list":["post-1566","page","type-page","status-publish","hentry"],"aioseo_notices":[],"_links":{"self":[{"href":"https:\/\/sentinelleduvallespir.terremercatalanes.com\/de\/wp-json\/wp\/v2\/pages\/1566","targetHints":{"allow":["GET"]}}],"collection":[{"href":"https:\/\/sentinelleduvallespir.terremercatalanes.com\/de\/wp-json\/wp\/v2\/pages"}],"about":[{"href":"https:\/\/sentinelleduvallespir.terremercatalanes.com\/de\/wp-json\/wp\/v2\/types\/page"}],"author":[{"embeddable":true,"href":"https:\/\/sentinelleduvallespir.terremercatalanes.com\/de\/wp-json\/wp\/v2\/users\/1"}],"replies":[{"embeddable":true,"href":"https:\/\/sentinelleduvallespir.terremercatalanes.com\/de\/wp-json\/wp\/v2\/comments?post=1566"}],"version-history":[{"count":1,"href":"https:\/\/sentinelleduvallespir.terremercatalanes.com\/de\/wp-json\/wp\/v2\/pages\/1566\/revisions"}],"predecessor-version":[{"id":1568,"href":"https:\/\/sentinelleduvallespir.terremercatalanes.com\/de\/wp-json\/wp\/v2\/pages\/1566\/revisions\/1568"}],"wp:attachment":[{"href":"https:\/\/sentinelleduvallespir.terremercatalanes.com\/de\/wp-json\/wp\/v2\/media?parent=1566"}],"curies":[{"name":"wp","href":"https:\/\/api.w.org\/{rel}","templated":true}]}}