{"id":1487,"date":"2024-01-31T15:00:37","date_gmt":"2024-01-31T14:00:37","guid":{"rendered":"https:\/\/sentinelleduvallespir.terremercatalanes.com\/the-rooms\/"},"modified":"2024-04-25T08:39:26","modified_gmt":"2024-04-25T06:39:26","slug":"the-rooms","status":"publish","type":"page","link":"https:\/\/sentinelleduvallespir.terremercatalanes.com\/en\/the-rooms\/","title":{"rendered":"The rooms"},"content":{"rendered":"\t\t<div data-elementor-type=\"wp-page\" data-elementor-id=\"1487\" class=\"elementor elementor-1487 elementor-56\" data-elementor-post-type=\"page\">\n\t\t\t\t<div class=\"elementor-element elementor-element-b175e24 e-flex e-con-boxed e-con e-parent\" data-id=\"b175e24\" data-element_type=\"container\">\n\t\t\t\t\t<div class=\"e-con-inner\">\n\t\t\t\t<div class=\"elementor-element elementor-element-b5076ac elementor-widget elementor-widget-heading\" data-id=\"b5076ac\" data-element_type=\"widget\" data-widget_type=\"heading.default\">\n\t\t\t\t<div class=\"elementor-widget-container\">\n\t\t\t<style>\/*! elementor - v3.23.0 - 05-08-2024 *\/\n.elementor-heading-title{padding:0;margin:0;line-height:1}.elementor-widget-heading .elementor-heading-title[class*=elementor-size-]>a{color:inherit;font-size:inherit;line-height:inherit}.elementor-widget-heading .elementor-heading-title.elementor-size-small{font-size:15px}.elementor-widget-heading .elementor-heading-title.elementor-size-medium{font-size:19px}.elementor-widget-heading .elementor-heading-title.elementor-size-large{font-size:29px}.elementor-widget-heading .elementor-heading-title.elementor-size-xl{font-size:39px}.elementor-widget-heading .elementor-heading-title.elementor-size-xxl{font-size:59px}<\/style><h2 class=\"elementor-heading-title elementor-size-default\">The rooms<\/h2>\t\t<\/div>\n\t\t\t\t<\/div>\n\t\t\t\t<div class=\"elementor-element elementor-element-8dab589 elementor-widget elementor-widget-text-editor\" data-id=\"8dab589\" data-element_type=\"widget\" data-widget_type=\"text-editor.default\">\n\t\t\t\t<div class=\"elementor-widget-container\">\n\t\t\t<style>\/*! elementor - v3.23.0 - 05-08-2024 *\/\n.elementor-widget-text-editor.elementor-drop-cap-view-stacked .elementor-drop-cap{background-color:#69727d;color:#fff}.elementor-widget-text-editor.elementor-drop-cap-view-framed .elementor-drop-cap{color:#69727d;border:3px solid;background-color:transparent}.elementor-widget-text-editor:not(.elementor-drop-cap-view-default) .elementor-drop-cap{margin-top:8px}.elementor-widget-text-editor:not(.elementor-drop-cap-view-default) .elementor-drop-cap-letter{width:1em;height:1em}.elementor-widget-text-editor .elementor-drop-cap{float:left;text-align:center;line-height:1;font-size:50px}.elementor-widget-text-editor .elementor-drop-cap-letter{display:inline-block}<\/style>\t\t\t\t<p>Set in an unspoilt area above a forest of cork and holm oaks, the Vallespir SPA Sauna sentinel is a haven of peace and relaxation. With its many terraces and lounges, its 360-degree view of the Pyrenees, the Alb\u00e8res, the Canig\u00f2 and the charming village of Viv\u00e8s below, it&#8217;s the ideal place to relax. It&#8217;s also a central starting point for discovering our region, with its rich cultural, historical, gastronomic and wine heritage. There&#8217;s plenty to do between Terre et Mer and the sea: hiking or cycling, water sports or p\u00e9tanque, there&#8217;s something for everyone!<\/p>\n<p>All our rooms are air-conditioned, with separate bathrooms and toilets, wi-fi and access to the Spa, Sauna and various lounges\/terraces.<\/p>\n\t\t\t\t\t\t<\/div>\n\t\t\t\t<\/div>\n\t\t\t\t\t<\/div>\n\t\t\t\t<\/div>\n\t\t<div class=\"elementor-element elementor-element-d26baca e-con-full e-flex e-con e-parent\" data-id=\"d26baca\" data-element_type=\"container\">\n\t\t<div class=\"elementor-element elementor-element-9334a1f e-con-full e-flex e-con e-child\" data-id=\"9334a1f\" data-element_type=\"container\" data-settings=\"{&quot;background_background&quot;:&quot;classic&quot;}\">\n\t\t\t\t<div class=\"elementor-element elementor-element-4a1e663 elementor-widget elementor-widget-heading\" data-id=\"4a1e663\" data-element_type=\"widget\" data-widget_type=\"heading.default\">\n\t\t\t\t<div class=\"elementor-widget-container\">\n\t\t\t<h3 class=\"elementor-heading-title elementor-size-default\">Alzina<\/h3>\t\t<\/div>\n\t\t\t\t<\/div>\n\t\t\t\t<div class=\"elementor-element elementor-element-16913d5 elementor-widget elementor-widget-text-editor\" data-id=\"16913d5\" data-element_type=\"widget\" data-widget_type=\"text-editor.default\">\n\t\t\t\t<div class=\"elementor-widget-container\">\n\t\t\t\t\t\t\t<p>Luxury room 26 m2<\/p>\n\t\t\t\t\t\t<\/div>\n\t\t\t\t<\/div>\n\t\t\t\t<div class=\"elementor-element elementor-element-562d8d8 elementor-widget elementor-widget-button\" data-id=\"562d8d8\" data-element_type=\"widget\" data-widget_type=\"button.default\">\n\t\t\t\t<div class=\"elementor-widget-container\">\n\t\t\t\t\t<div class=\"elementor-button-wrapper\">\n\t\t\t<a class=\"elementor-button elementor-button-link elementor-size-sm\" href=\"https:\/\/sentinelleduvallespir.terremercatalanes.com\/accommodation\/suite-alzina\/\">\n\t\t\t\t\t\t<span class=\"elementor-button-content-wrapper\">\n\t\t\t\t\t\t\t\t\t<span class=\"elementor-button-text\">Discover and book  <\/span>\n\t\t\t\t\t<\/span>\n\t\t\t\t\t<\/a>\n\t\t<\/div>\n\t\t\t\t<\/div>\n\t\t\t\t<\/div>\n\t\t\t\t<\/div>\n\t\t<div class=\"elementor-element elementor-element-79ab3a5 e-con-full e-flex e-con e-child\" data-id=\"79ab3a5\" data-element_type=\"container\" data-settings=\"{&quot;background_background&quot;:&quot;classic&quot;}\">\n\t\t\t\t<div class=\"elementor-element elementor-element-8c5a323 elementor-widget elementor-widget-heading\" data-id=\"8c5a323\" data-element_type=\"widget\" data-widget_type=\"heading.default\">\n\t\t\t\t<div class=\"elementor-widget-container\">\n\t\t\t<h3 class=\"elementor-heading-title elementor-size-default\">Llauro<\/h3>\t\t<\/div>\n\t\t\t\t<\/div>\n\t\t\t\t<div class=\"elementor-element elementor-element-032976a elementor-widget elementor-widget-text-editor\" data-id=\"032976a\" data-element_type=\"widget\" data-widget_type=\"text-editor.default\">\n\t\t\t\t<div class=\"elementor-widget-container\">\n\t\t\t\t\t\t\t<p>Luxury room 26 m2<\/p>\n\t\t\t\t\t\t<\/div>\n\t\t\t\t<\/div>\n\t\t\t\t<div class=\"elementor-element elementor-element-c3f0f1f elementor-widget elementor-widget-button\" data-id=\"c3f0f1f\" data-element_type=\"widget\" data-widget_type=\"button.default\">\n\t\t\t\t<div class=\"elementor-widget-container\">\n\t\t\t\t\t<div class=\"elementor-button-wrapper\">\n\t\t\t<a class=\"elementor-button elementor-button-link elementor-size-sm\" href=\"https:\/\/sentinelleduvallespir.terremercatalanes.com\/accommodation\/suite-llauro\/\">\n\t\t\t\t\t\t<span class=\"elementor-button-content-wrapper\">\n\t\t\t\t\t\t\t\t\t<span class=\"elementor-button-text\">Discover and book  <\/span>\n\t\t\t\t\t<\/span>\n\t\t\t\t\t<\/a>\n\t\t<\/div>\n\t\t\t\t<\/div>\n\t\t\t\t<\/div>\n\t\t\t\t<\/div>\n\t\t<div class=\"elementor-element elementor-element-3bc73ef e-con-full e-flex e-con e-child\" data-id=\"3bc73ef\" data-element_type=\"container\" data-settings=\"{&quot;background_background&quot;:&quot;classic&quot;}\">\n\t\t\t\t<div class=\"elementor-element elementor-element-d732f06 elementor-widget elementor-widget-heading\" data-id=\"d732f06\" data-element_type=\"widget\" data-widget_type=\"heading.default\">\n\t\t\t\t<div class=\"elementor-widget-container\">\n\t\t\t<h3 class=\"elementor-heading-title elementor-size-default\">Massane Suite<\/h3>\t\t<\/div>\n\t\t\t\t<\/div>\n\t\t\t\t<div class=\"elementor-element elementor-element-7be35fa elementor-widget elementor-widget-text-editor\" data-id=\"7be35fa\" data-element_type=\"widget\" data-widget_type=\"text-editor.default\">\n\t\t\t\t<div class=\"elementor-widget-container\">\n\t\t\t\t\t\t\t<p>Suite 2-3 persons 50 m2<\/p>\n\t\t\t\t\t\t<\/div>\n\t\t\t\t<\/div>\n\t\t\t\t<div class=\"elementor-element elementor-element-11de491 elementor-widget elementor-widget-button\" data-id=\"11de491\" data-element_type=\"widget\" data-widget_type=\"button.default\">\n\t\t\t\t<div class=\"elementor-widget-container\">\n\t\t\t\t\t<div class=\"elementor-button-wrapper\">\n\t\t\t<a class=\"elementor-button elementor-button-link elementor-size-sm\" href=\"https:\/\/sentinelleduvallespir.terremercatalanes.com\/accommodation\/suite-massane\/\">\n\t\t\t\t\t\t<span class=\"elementor-button-content-wrapper\">\n\t\t\t\t\t\t\t\t\t<span class=\"elementor-button-text\">Discover and book  <\/span>\n\t\t\t\t\t<\/span>\n\t\t\t\t\t<\/a>\n\t\t<\/div>\n\t\t\t\t<\/div>\n\t\t\t\t<\/div>\n\t\t\t\t<\/div>\n\t\t\t\t<\/div>\n\t\t\t\t<\/div>\n\t\t","protected":false},"excerpt":{"rendered":"<p>The rooms Set in an unspoilt area above a forest of cork and holm oaks, the Vallespir SPA Sauna sentinel is a haven of peace and relaxation. With its many terraces and lounges, its 360-degree view of the Pyrenees, the Alb\u00e8res, the Canig\u00f2 and the charming village of Viv\u00e8s below, it&#8217;s the ideal place to [&hellip;]<\/p>\n","protected":false},"author":1,"featured_media":0,"parent":0,"menu_order":0,"comment_status":"closed","ping_status":"closed","template":"elementor_header_footer","meta":{"footnotes":""},"class_list":["post-1487","page","type-page","status-publish","hentry"],"aioseo_notices":[],"_links":{"self":[{"href":"https:\/\/sentinelleduvallespir.terremercatalanes.com\/en\/wp-json\/wp\/v2\/pages\/1487","targetHints":{"allow":["GET"]}}],"collection":[{"href":"https:\/\/sentinelleduvallespir.terremercatalanes.com\/en\/wp-json\/wp\/v2\/pages"}],"about":[{"href":"https:\/\/sentinelleduvallespir.terremercatalanes.com\/en\/wp-json\/wp\/v2\/types\/page"}],"author":[{"embeddable":true,"href":"https:\/\/sentinelleduvallespir.terremercatalanes.com\/en\/wp-json\/wp\/v2\/users\/1"}],"replies":[{"embeddable":true,"href":"https:\/\/sentinelleduvallespir.terremercatalanes.com\/en\/wp-json\/wp\/v2\/comments?post=1487"}],"version-history":[{"count":2,"href":"https:\/\/sentinelleduvallespir.terremercatalanes.com\/en\/wp-json\/wp\/v2\/pages\/1487\/revisions"}],"predecessor-version":[{"id":1518,"href":"https:\/\/sentinelleduvallespir.terremercatalanes.com\/en\/wp-json\/wp\/v2\/pages\/1487\/revisions\/1518"}],"wp:attachment":[{"href":"https:\/\/sentinelleduvallespir.terremercatalanes.com\/en\/wp-json\/wp\/v2\/media?parent=1487"}],"curies":[{"name":"wp","href":"https:\/\/api.w.org\/{rel}","templated":true}]}}