{"id":1428,"date":"2024-01-29T18:20:12","date_gmt":"2024-01-29T17:20:12","guid":{"rendered":"https:\/\/sentinelleduvallespir.terremercatalanes.com\/habitaciones\/"},"modified":"2024-01-29T18:20:12","modified_gmt":"2024-01-29T17:20:12","slug":"habitaciones","status":"publish","type":"page","link":"https:\/\/sentinelleduvallespir.terremercatalanes.com\/es\/habitaciones\/","title":{"rendered":"Habitaciones"},"content":{"rendered":"<div class=\"mphb_sc_rooms-wrapper mphb-room-types \">\n<div class=\"mphb-room-type post-1585 mphb_room_type type-mphb_room_type status-publish mphb-room-type-adults-2 mphb-room-type-children-0 \">\n\n\t\n\t\n<h2 class=\"mphb-room-type-title entry-title\">\n\n<a class=\"mphb-room-type-title\" href=\"https:\/\/sentinelleduvallespir.terremercatalanes.com\/es\/accommodation\/suite-alzina\/\">Suite Alzina<\/a>\n\n<\/h2>\n\n<p>Diapositive pr\u00e9c\u00e9dente Diapositive suivante Admira las vistas En catal\u00e1n, \u00abAlzina\u00bb se refiere a una persona que vive en un lugar donde crecen encinas. El nombre perfecto para esta habitaci\u00f3n, que da al jard\u00edn y al bosque de encinas de la finca, la especie catalana por excelencia. Tiene vistas al bonito pueblo catal\u00e1n de Viv\u00e8s y [&hellip;]<\/p>\n\n\n<h3 class=\"mphb-room-type-details-title\">Detalles<\/h3><ul class=\"mphb-loop-room-type-attributes\">\n\n\n\t<li class=\"mphb-room-type-adults-capacity\"><span class=\"mphb-attribute-title mphb-adults-title\">Hu\u00e9spedes:<\/span><span class=\"mphb-attribute-value\">\n\t2\n\t<\/span><\/li>\n\t\n\n\n\n\n\n\n\n\n<\/ul>\n\n\t<p class=\"mphb-regular-price\"><strong>Precio desde:<\/strong>\n\t<span class=\"mphb-price\">160&nbsp;<span class=\"mphb-currency\">&euro;<\/span><\/span> <span class=\"mphb-price-period\" title=\"Establezca las fechas para ver los precios adecuados\">por noche<\/span>\n\t<\/p>\n\t\n<p class=\"mphb-view-details-button-wrapper\">\n<a class=\"button mphb-view-details-button\" href=\"https:\/\/sentinelleduvallespir.terremercatalanes.com\/es\/accommodation\/suite-alzina\/\" >Ver detalles<\/a>\n<\/p>\n<div class=\"mphb-to-book-btn-wrapper\">\n<form action=\"https:\/\/sentinelleduvallespir.terremercatalanes.com\/es\/accommodation\/suite-alzina\/#booking-form-1585\" method=\"get\" ><button type=\"submit\" class=\"button mphb-book-button\" >Hacer reserva<\/button><\/form>\n<br\/><\/div>\n\t\n<\/div>\n\n<div class=\"mphb-room-type post-1567 mphb_room_type type-mphb_room_type status-publish mphb-room-type-adults-2 mphb-room-type-children-0 \">\n\n\t\n\t\n<h2 class=\"mphb-room-type-title entry-title\">\n\n<a class=\"mphb-room-type-title\" href=\"https:\/\/sentinelleduvallespir.terremercatalanes.com\/es\/accommodation\/suite-llauro\/\">Suite Llauro<\/a>\n\n<\/h2>\n\n<p>Diapositive pr\u00e9c\u00e9dente Diapositive suivante Admira las vistas Llauro es el nombre del encantador pueblecito que domina el valle y que se ve desde el balc\u00f3n de la habitaci\u00f3n. Tambi\u00e9n ofrece vistas ininterrumpidas del bosque de alcornoques y del pueblo y su ondulada campi\u00f1a. Esta habitaci\u00f3n doble, muy c\u00f3moda y bien equipada, te encantar\u00e1 por su [&hellip;]<\/p>\n\n\n<h3 class=\"mphb-room-type-details-title\">Detalles<\/h3><ul class=\"mphb-loop-room-type-attributes\">\n\n\n\t<li class=\"mphb-room-type-adults-capacity\"><span class=\"mphb-attribute-title mphb-adults-title\">Hu\u00e9spedes:<\/span><span class=\"mphb-attribute-value\">\n\t2\n\t<\/span><\/li>\n\t\n\n\n\n\n\n\n\n\n<\/ul>\n\n\t<p class=\"mphb-regular-price\"><strong>Precio desde:<\/strong>\n\t<span class=\"mphb-price\">160&nbsp;<span class=\"mphb-currency\">&euro;<\/span><\/span> <span class=\"mphb-price-period\" title=\"Establezca las fechas para ver los precios adecuados\">por noche<\/span>\n\t<\/p>\n\t\n<p class=\"mphb-view-details-button-wrapper\">\n<a class=\"button mphb-view-details-button\" href=\"https:\/\/sentinelleduvallespir.terremercatalanes.com\/es\/accommodation\/suite-llauro\/\" >Ver detalles<\/a>\n<\/p>\n<div class=\"mphb-to-book-btn-wrapper\">\n<form action=\"https:\/\/sentinelleduvallespir.terremercatalanes.com\/es\/accommodation\/suite-llauro\/#booking-form-1567\" method=\"get\" ><button type=\"submit\" class=\"button mphb-book-button\" >Hacer reserva<\/button><\/form>\n<br\/><\/div>\n\t\n<\/div>\n\n<div class=\"mphb-room-type post-1502 mphb_room_type type-mphb_room_type status-publish has-post-thumbnail mphb_room_type_facility-acceso-a-la-piscina mphb_room_type_facility-acceso-a-la-sauna mphb_room_type_facility-acceso-al-spa mphb_room_type_facility-wifi-es mphb-room-type-adults-3 mphb-room-type-children-0 \">\n\n\t\n\t\n\n\t<p class=\"post-thumbnail mphb-loop-room-thumbnail\">\n\t<a href=\"https:\/\/sentinelleduvallespir.terremercatalanes.com\/es\/accommodation\/suite-massane\/\">\n\t<img fetchpriority=\"high\" decoding=\"async\" width=\"2464\" height=\"972\" src=\"https:\/\/sentinelleduvallespir.terremercatalanes.com\/wp-content\/uploads\/sites\/4\/2024\/01\/chbre3miniature.jpg\" class=\"attachment-post-thumbnail size-post-thumbnail wp-post-image\" alt=\"\" srcset=\"https:\/\/sentinelleduvallespir.terremercatalanes.com\/wp-content\/uploads\/sites\/4\/2024\/01\/chbre3miniature.jpg 2464w, https:\/\/sentinelleduvallespir.terremercatalanes.com\/wp-content\/uploads\/sites\/4\/2024\/01\/chbre3miniature-300x118.jpg 300w, https:\/\/sentinelleduvallespir.terremercatalanes.com\/wp-content\/uploads\/sites\/4\/2024\/01\/chbre3miniature-1024x404.jpg 1024w, https:\/\/sentinelleduvallespir.terremercatalanes.com\/wp-content\/uploads\/sites\/4\/2024\/01\/chbre3miniature-768x303.jpg 768w, https:\/\/sentinelleduvallespir.terremercatalanes.com\/wp-content\/uploads\/sites\/4\/2024\/01\/chbre3miniature-1536x606.jpg 1536w, https:\/\/sentinelleduvallespir.terremercatalanes.com\/wp-content\/uploads\/sites\/4\/2024\/01\/chbre3miniature-2048x808.jpg 2048w\" sizes=\"(max-width: 2464px) 100vw, 2464px\" \/>\t<\/a>\n\n\t<\/p>\n\n<h2 class=\"mphb-room-type-title entry-title\">\n\n<a class=\"mphb-room-type-title\" href=\"https:\/\/sentinelleduvallespir.terremercatalanes.com\/es\/accommodation\/suite-massane\/\">Suite Massane<\/a>\n\n<\/h2>\n\n<p>Diapositive pr\u00e9c\u00e9dente Diapositive suivante Vista de la Naturaleza Esta espaciosa suite, en contacto directo con el entorno natural y las vistas del exterior, es un oasis de comodidad donde podr\u00e1s descansar y relajarte. \u00a1Qu\u00e9 delicia contemplar el amanecer sobre el Macizo des Alb\u00e8res, la exquisita luz a todas horas sobre el Pic d&#8217;Aureille, el Puig [&hellip;]<\/p>\n\n\n<h3 class=\"mphb-room-type-details-title\">Detalles<\/h3><ul class=\"mphb-loop-room-type-attributes\">\n\t<li class=\"mphb-room-type-total-capacity\"><span class=\"mphb-attribute-title mphb-total-capacity-title\">Hu\u00e9spedes:<\/span><span class=\"mphb-attribute-value\">\n\t3\n\t<\/span><\/li>\t\n\n\n\t<li class=\"mphb-room-type-facilities\"><span class=\"mphb-attribute-title mphb-facilities-title\">Servicios<\/span><span class=\"mphb-attribute-value\"> <span class=\"facility-acceso-a-la-piscina\"><a href=\"https:\/\/sentinelleduvallespir.terremercatalanes.com\/es\/accommodation-facility\/acceso-a-la-piscina\/\">Acceso a la piscina<\/a><\/span>, <span class=\"facility-acceso-a-la-sauna\"><a href=\"https:\/\/sentinelleduvallespir.terremercatalanes.com\/es\/accommodation-facility\/acceso-a-la-sauna\/\">Acceso a la sauna<\/a><\/span>, <span class=\"facility-acceso-al-spa\"><a href=\"https:\/\/sentinelleduvallespir.terremercatalanes.com\/es\/accommodation-facility\/acceso-al-spa\/\">Acceso al spa<\/a><\/span>, <span class=\"facility-wifi-es\"><a href=\"https:\/\/sentinelleduvallespir.terremercatalanes.com\/es\/accommodation-facility\/wifi-es\/\">Wifi<\/a><\/span><\/span><\/li>\n\t\n\n\n\t<li class=\"mphb-room-type-view\"><span class=\"mphb-attribute-title mphb-view-title\">Vista:<\/span><span class=\"mphb-attribute-value\">\n\tVistas a la monta\u00f1a\n\t<\/span><\/li>\n\t\n\n\n\n\n\n<\/ul>\n\n\t<p class=\"mphb-regular-price\"><strong>Precio desde:<\/strong>\n\t<span class=\"mphb-price\">195&nbsp;<span class=\"mphb-currency\">&euro;<\/span><\/span> <span class=\"mphb-price-period\" title=\"Establezca las fechas para ver los precios adecuados\">por noche<\/span>\n\t<\/p>\n\t\n<p class=\"mphb-view-details-button-wrapper\">\n<a class=\"button mphb-view-details-button\" href=\"https:\/\/sentinelleduvallespir.terremercatalanes.com\/es\/accommodation\/suite-massane\/\" >Ver detalles<\/a>\n<\/p>\n<div class=\"mphb-to-book-btn-wrapper\">\n<form action=\"https:\/\/sentinelleduvallespir.terremercatalanes.com\/es\/accommodation\/suite-massane\/#booking-form-1502\" method=\"get\" ><button type=\"submit\" class=\"button mphb-book-button\" >Hacer reserva<\/button><\/form>\n<br\/><\/div>\n\t\n<\/div>\n<\/div>\n","protected":false},"excerpt":{"rendered":"","protected":false},"author":1,"featured_media":0,"parent":0,"menu_order":0,"comment_status":"closed","ping_status":"closed","template":"","meta":{"footnotes":""},"class_list":["post-1428","page","type-page","status-publish","hentry"],"aioseo_notices":[],"_links":{"self":[{"href":"https:\/\/sentinelleduvallespir.terremercatalanes.com\/es\/wp-json\/wp\/v2\/pages\/1428","targetHints":{"allow":["GET"]}}],"collection":[{"href":"https:\/\/sentinelleduvallespir.terremercatalanes.com\/es\/wp-json\/wp\/v2\/pages"}],"about":[{"href":"https:\/\/sentinelleduvallespir.terremercatalanes.com\/es\/wp-json\/wp\/v2\/types\/page"}],"author":[{"embeddable":true,"href":"https:\/\/sentinelleduvallespir.terremercatalanes.com\/es\/wp-json\/wp\/v2\/users\/1"}],"replies":[{"embeddable":true,"href":"https:\/\/sentinelleduvallespir.terremercatalanes.com\/es\/wp-json\/wp\/v2\/comments?post=1428"}],"version-history":[{"count":0,"href":"https:\/\/sentinelleduvallespir.terremercatalanes.com\/es\/wp-json\/wp\/v2\/pages\/1428\/revisions"}],"wp:attachment":[{"href":"https:\/\/sentinelleduvallespir.terremercatalanes.com\/es\/wp-json\/wp\/v2\/media?parent=1428"}],"curies":[{"name":"wp","href":"https:\/\/api.w.org\/{rel}","templated":true}]}}